{"id":531,"date":"2025-06-02T07:47:25","date_gmt":"2025-06-02T00:47:25","guid":{"rendered":"https:\/\/bfactoryvn.com\/?post_type=product&#038;p=531"},"modified":"2026-02-04T09:01:16","modified_gmt":"2026-02-04T02:01:16","slug":"tam-bao-ve-mo-to-xe-vf3-cua-b-factory","status":"publish","type":"product","link":"https:\/\/bfactoryvn.com\/danh-muc-san-pham\/tam-bao-ve-mo-to-xe-vinfast-vf3-cua-b-factory\/","title":{"rendered":"T\u1ea5m b\u1ea3o v\u1ec7 m\u00f4 t\u01a1 xe Vinfast VF3 c\u1ee7a B-Factory"},"content":{"rendered":"<p>T\u1ea5m b\u1ea3o v\u1ec7 m\u00f4 t\u01a1 xe \u0111i\u1ec7n VF3 \u0111\u01b0\u1ee3c l\u00e0m t\u1eeb nh\u1ef1a ABS gi\u00fap b\u1ea3o v\u1ec7 m\u00f4 t\u01a1 \u0111i\u1ec7n kh\u1ecfi c\u00e1c y\u1ebfu t\u1ed1 va \u0111\u1eadp, t\u00e1c \u0111\u1ed9ng t\u1eeb b\u00ean ngo\u00e0i nh\u01b0 \u0111\u1ea5t \u0111\u00e1, s\u00ecnh b\u00f9n v\u00e0 c\u00e1c t\u00e1c \u0111\u1ed9ng v\u1eadt l\u00fd kh\u00e1c.<\/p>\n","protected":false},"excerpt":{"rendered":"<p>B\u1ea3o v\u1ec7 \u0111\u1ed9ng c\u01a1 &#8211; \u00cam nh\u1eb9 nh\u01b0 m\u01a1<\/p>\n","protected":false},"featured_media":694,"comment_status":"open","ping_status":"closed","template":"","meta":{"_acf_changed":false},"product_brand":[65],"product_cat":[43,75],"product_tag":[],"class_list":{"0":"post-531","1":"product","2":"type-product","3":"status-publish","4":"has-post-thumbnail","6":"product_brand-vinfast","7":"product_cat-danh-muc-san-pham","8":"product_cat-tam-bao-ve-dong-co","9":"pa_theo-dong-xe-dong-xe-vinfast-vf3","11":"first","12":"instock","13":"shipping-taxable","14":"purchasable","15":"product-type-simple"},"acf":[],"_links":{"self":[{"href":"https:\/\/bfactoryvn.com\/en\/wp-json\/wp\/v2\/product\/531","targetHints":{"allow":["GET"]}}],"collection":[{"href":"https:\/\/bfactoryvn.com\/en\/wp-json\/wp\/v2\/product"}],"about":[{"href":"https:\/\/bfactoryvn.com\/en\/wp-json\/wp\/v2\/types\/product"}],"replies":[{"embeddable":true,"href":"https:\/\/bfactoryvn.com\/en\/wp-json\/wp\/v2\/comments?post=531"}],"wp:featuredmedia":[{"embeddable":true,"href":"https:\/\/bfactoryvn.com\/en\/wp-json\/wp\/v2\/media\/694"}],"wp:attachment":[{"href":"https:\/\/bfactoryvn.com\/en\/wp-json\/wp\/v2\/media?parent=531"}],"wp:term":[{"taxonomy":"product_brand","embeddable":true,"href":"https:\/\/bfactoryvn.com\/en\/wp-json\/wp\/v2\/product_brand?post=531"},{"taxonomy":"product_cat","embeddable":true,"href":"https:\/\/bfactoryvn.com\/en\/wp-json\/wp\/v2\/product_cat?post=531"},{"taxonomy":"product_tag","embeddable":true,"href":"https:\/\/bfactoryvn.com\/en\/wp-json\/wp\/v2\/product_tag?post=531"}],"curies":[{"name":"wp","href":"https:\/\/api.w.org\/{rel}","templated":true}]}}