{"id":512,"date":"2025-06-02T07:11:54","date_gmt":"2025-06-02T00:11:54","guid":{"rendered":"https:\/\/bfactoryvn.com\/?post_type=product&#038;p=512"},"modified":"2026-02-03T09:57:01","modified_gmt":"2026-02-03T02:57:01","slug":"nap-capo-xe-vf3","status":"publish","type":"product","link":"https:\/\/bfactoryvn.com\/danh-muc-san-pham\/nap-capo\/nap-capo-xe-vinfast-vf3-cua-b-factory\/","title":{"rendered":"N\u1eafp capo xe Vinfast VF3 c\u1ee7a B-Factory"},"content":{"rendered":"<p>N\u1eafp Capo VF3 m\u00e0u \u0111en b\u00f3ng l\u00e0 ph\u1ee5 ki\u1ec7n trang tr\u00ed gi\u00fap xe VF3 n\u0103ng \u0111\u1ed9ng, hi\u1ec7n \u0111\u1ea1i h\u01a1n.<\/p>\n","protected":false},"excerpt":{"rendered":"<p>Capo \u0111en &#8211; Ch\u1ea5t ri\u00eang x\u1ebf y\u00eau<\/p>\n","protected":false},"featured_media":690,"comment_status":"open","ping_status":"closed","template":"","meta":{"_acf_changed":false},"product_brand":[65],"product_cat":[73,43],"product_tag":[186],"class_list":{"0":"post-512","1":"product","2":"type-product","3":"status-publish","4":"has-post-thumbnail","6":"product_brand-vinfast","7":"product_cat-nap-capo","8":"product_cat-danh-muc-san-pham","9":"product_tag-nap-capo-xe-vinfast-vf3","10":"pa_theo-dong-xe-dong-xe-vinfast-vf3","12":"first","13":"outofstock","14":"shipping-taxable","15":"purchasable","16":"product-type-simple"},"acf":[],"_links":{"self":[{"href":"https:\/\/bfactoryvn.com\/en\/wp-json\/wp\/v2\/product\/512","targetHints":{"allow":["GET"]}}],"collection":[{"href":"https:\/\/bfactoryvn.com\/en\/wp-json\/wp\/v2\/product"}],"about":[{"href":"https:\/\/bfactoryvn.com\/en\/wp-json\/wp\/v2\/types\/product"}],"replies":[{"embeddable":true,"href":"https:\/\/bfactoryvn.com\/en\/wp-json\/wp\/v2\/comments?post=512"}],"wp:featuredmedia":[{"embeddable":true,"href":"https:\/\/bfactoryvn.com\/en\/wp-json\/wp\/v2\/media\/690"}],"wp:attachment":[{"href":"https:\/\/bfactoryvn.com\/en\/wp-json\/wp\/v2\/media?parent=512"}],"wp:term":[{"taxonomy":"product_brand","embeddable":true,"href":"https:\/\/bfactoryvn.com\/en\/wp-json\/wp\/v2\/product_brand?post=512"},{"taxonomy":"product_cat","embeddable":true,"href":"https:\/\/bfactoryvn.com\/en\/wp-json\/wp\/v2\/product_cat?post=512"},{"taxonomy":"product_tag","embeddable":true,"href":"https:\/\/bfactoryvn.com\/en\/wp-json\/wp\/v2\/product_tag?post=512"}],"curies":[{"name":"wp","href":"https:\/\/api.w.org\/{rel}","templated":true}]}}