{"id":2528,"date":"2026-04-20T14:57:49","date_gmt":"2026-04-20T07:57:49","guid":{"rendered":"https:\/\/bfactoryvn.com\/?post_type=product&#038;p=2528"},"modified":"2026-04-20T15:00:01","modified_gmt":"2026-04-20T08:00:01","slug":"bodykit-cho-xe-vinfast-limogreen-cua-b-factory","status":"publish","type":"product","link":"https:\/\/bfactoryvn.com\/khac\/bodykit-cho-xe-vinfast-limogreen-cua-b-factory\/","title":{"rendered":"Bodykit cho xe Vinfast Limogreen c\u1ee7a B-Factory"},"content":{"rendered":"<p><b>Bodykit &#8211; thay \u0111\u1ed5i di\u1ec7n m\u1ea1o, kh\u1eb3ng \u0111\u1ecbnh c\u00e1 t\u00ednh cho x\u1ebf y\u00eau c\u1ee7a b\u1ea1n!<\/b><span style=\"font-weight: 400;\">\u00a0\u00a0<\/span><\/p>\n<p><span style=\"font-weight: 400;\">Tr\u1ecdn b\u1ed9 bodykit do B-Factory nghi\u00ean c\u1ee9u v\u00e0 ph\u00e1t tri\u1ec3n trong su\u1ed1t 5 th\u00e1ng g\u1ed3m 7 chi ti\u1ebft: \u1ed1p ch\u00f3a \u0111\u00e8n tr\u01b0\u1edbc, lip tr\u01b0\u1edbc, b\u1ed9 c\u1ea3n tr\u01b0\u1edbc, lip h\u00f4ng, \u0111u\u00f4i gi\u00f3, lip sau v\u00e0 \u1ed1p c\u1ea3n sau.<\/span><\/p>\n<p><span style=\"font-weight: 400;\">M\u1ed7i chi ti\u1ebft \u0111\u1ec1u \u0111\u01b0\u1ee3c \u0111o l\u01b0\u1eddng k\u1ef9 l\u01b0\u1ee1ng, chu\u1ea9n theo k\u00edch th\u01b0\u1edbc xe Limo Green, gi\u00fap vi\u1ec7c l\u1eafp \u0111\u1eb7t tr\u1edf n\u00ean v\u00f4 c\u00f9ng thu\u1eadn ti\u1ec7n. Ch\u1ee7 xe MPV 7 c\u0169ng c\u00f3 th\u1ec3 n\u00e2ng c\u1ea5p cho x\u1ebf y\u00eau c\u1ee7a m\u00ecnh (ngo\u1ea1i tr\u1eeb lip tr\u01b0\u1edbc v\u00e0 b\u1ed9 c\u1ea3n tr\u01b0\u1edbc &#8211; n\u1ebfu mu\u1ed1n l\u1eafp, c\u1ea7n thay c\u1ea3n zin sang c\u1ea3n tr\u01b0\u1edbc c\u1ee7a Limo Green).<\/span><\/p>\n","protected":false},"excerpt":{"rendered":"<p><span style=\"font-weight: 400;\">V\u1edbi b\u1ed9 bodykit t\u1eeb B-Factory, chi\u1ebfc xe c\u1ee7a b\u1ea1n kh\u00f4ng ch\u1ec9 m\u1ea1nh m\u1ebd h\u01a1n m\u00e0 c\u00f2n tr\u1edf th\u00e0nh tuy\u00ean ng\u00f4n c\u00e1 t\u00ednh, kh\u00e1c bi\u1ec7t ho\u00e0n to\u00e0n tr\u00ean m\u1ecdi cung \u0111\u01b0\u1eddng.<\/span><\/p>\n","protected":false},"featured_media":2545,"comment_status":"closed","ping_status":"closed","template":"","meta":{"_acf_changed":false},"product_brand":[65],"product_cat":[43,23],"product_tag":[],"class_list":{"0":"post-2528","1":"product","2":"type-product","3":"status-publish","4":"has-post-thumbnail","6":"product_brand-vinfast","7":"product_cat-danh-muc-san-pham","8":"product_cat-uncategorized-vi","10":"first","11":"instock","12":"sale","13":"shipping-taxable","14":"purchasable","15":"product-type-variable"},"acf":[],"_links":{"self":[{"href":"https:\/\/bfactoryvn.com\/en\/wp-json\/wp\/v2\/product\/2528","targetHints":{"allow":["GET"]}}],"collection":[{"href":"https:\/\/bfactoryvn.com\/en\/wp-json\/wp\/v2\/product"}],"about":[{"href":"https:\/\/bfactoryvn.com\/en\/wp-json\/wp\/v2\/types\/product"}],"replies":[{"embeddable":true,"href":"https:\/\/bfactoryvn.com\/en\/wp-json\/wp\/v2\/comments?post=2528"}],"wp:featuredmedia":[{"embeddable":true,"href":"https:\/\/bfactoryvn.com\/en\/wp-json\/wp\/v2\/media\/2545"}],"wp:attachment":[{"href":"https:\/\/bfactoryvn.com\/en\/wp-json\/wp\/v2\/media?parent=2528"}],"wp:term":[{"taxonomy":"product_brand","embeddable":true,"href":"https:\/\/bfactoryvn.com\/en\/wp-json\/wp\/v2\/product_brand?post=2528"},{"taxonomy":"product_cat","embeddable":true,"href":"https:\/\/bfactoryvn.com\/en\/wp-json\/wp\/v2\/product_cat?post=2528"},{"taxonomy":"product_tag","embeddable":true,"href":"https:\/\/bfactoryvn.com\/en\/wp-json\/wp\/v2\/product_tag?post=2528"}],"curies":[{"name":"wp","href":"https:\/\/api.w.org\/{rel}","templated":true}]}}