{"id":2391,"date":"2026-03-04T11:00:12","date_gmt":"2026-03-04T04:00:12","guid":{"rendered":"https:\/\/bfactoryvn.com\/?post_type=product&#038;p=2391"},"modified":"2026-03-04T13:49:07","modified_gmt":"2026-03-04T06:49:07","slug":"khay-dung-do-yen-ngua-cho-xe-limo-green-cua-b-factory","status":"publish","type":"product","link":"https:\/\/bfactoryvn.com\/danh-muc-san-pham\/khay-dung-do-yen-ngua-cho-xe-limo-green-cua-b-factory\/","title":{"rendered":"Khay \u0111\u1ef1ng \u0111\u1ed3 y\u00ean ng\u1ef1a cho xe Limo Green c\u1ee7a B-Factory"},"content":{"rendered":"<p><span style=\"font-weight: 400;\">Khay \u0111\u1ef1ng \u0111\u1ed3 y\u00ean ng\u1ef1a v\u1edbi thi\u1ebft k\u1ebf ti\u1ec7n l\u1ee3i, k\u00edch th\u01b0\u1edbc chu\u1ea9n theo h\u1ed1c \u0111\u1ef1ng \u0111\u1ed3 y\u00ean ng\u1ef1a Limo Green, ph\u00e2n chia kh\u00f4ng gian h\u1ed1c \u0111\u1ef1ng \u0111\u1ed3 ban \u0111\u1ea7u t\u1eeb 1 th\u00e0nh 3. C\u00e1c k\u00edch th\u01b0\u1edbc nh\u1ecf ph\u00f9 h\u1ee3p gi\u00fap b\u1ea1n s\u1eafp x\u1ebfp \u0111\u1ed3 d\u00f9ng c\u00e1 nh\u00e2n, d\u1ee5ng c\u1ee5 s\u1eeda ch\u1eefa g\u1ecdn g\u00e0ng, ng\u0103n n\u1eafp; kh\u00f4ng gian v\u1eeba \u0111\u1ee7, thu\u1eadn ti\u1ec7n l\u1ea5y \u0111\u1ed3. Ch\u1ea5t li\u1ec7u nh\u1ef1a ABS c\u1ee9ng c\u00e1p, \u0111\u1eb7t \u0111\u1ed3 n\u1eb7ng v\u1eabn an t\u00e2m; h\u1ea1n ch\u1ebf t\u00ecnh tr\u1ea1ng b\u1ecb gi\u00f2n, d\u1ec5 b\u1ec3 sau th\u1eddi gian s\u1eed d\u1ee5ng. <\/span><\/p>\n","protected":false},"excerpt":{"rendered":"<p><b>Khay \u0111\u1ef1ng \u0111\u1ed3 y\u00ean ng\u1ef1a Limo Green B-Factory &#8211; Chia 1 th\u00e0nh 3, thu\u1eadn ti\u1ec7n s\u1eed d\u1ee5ng<\/b><\/p>\n","protected":false},"featured_media":2392,"comment_status":"closed","ping_status":"closed","template":"","meta":{"_acf_changed":false},"product_brand":[65],"product_cat":[43],"product_tag":[],"class_list":{"0":"post-2391","1":"product","2":"type-product","3":"status-publish","4":"has-post-thumbnail","6":"product_brand-vinfast","7":"product_cat-danh-muc-san-pham","8":"pa_theo-dong-xe-dong-xe-vinfast-limogreen","10":"first","11":"instock","12":"shipping-taxable","13":"purchasable","14":"product-type-simple"},"acf":[],"_links":{"self":[{"href":"https:\/\/bfactoryvn.com\/en\/wp-json\/wp\/v2\/product\/2391","targetHints":{"allow":["GET"]}}],"collection":[{"href":"https:\/\/bfactoryvn.com\/en\/wp-json\/wp\/v2\/product"}],"about":[{"href":"https:\/\/bfactoryvn.com\/en\/wp-json\/wp\/v2\/types\/product"}],"replies":[{"embeddable":true,"href":"https:\/\/bfactoryvn.com\/en\/wp-json\/wp\/v2\/comments?post=2391"}],"wp:featuredmedia":[{"embeddable":true,"href":"https:\/\/bfactoryvn.com\/en\/wp-json\/wp\/v2\/media\/2392"}],"wp:attachment":[{"href":"https:\/\/bfactoryvn.com\/en\/wp-json\/wp\/v2\/media?parent=2391"}],"wp:term":[{"taxonomy":"product_brand","embeddable":true,"href":"https:\/\/bfactoryvn.com\/en\/wp-json\/wp\/v2\/product_brand?post=2391"},{"taxonomy":"product_cat","embeddable":true,"href":"https:\/\/bfactoryvn.com\/en\/wp-json\/wp\/v2\/product_cat?post=2391"},{"taxonomy":"product_tag","embeddable":true,"href":"https:\/\/bfactoryvn.com\/en\/wp-json\/wp\/v2\/product_tag?post=2391"}],"curies":[{"name":"wp","href":"https:\/\/api.w.org\/{rel}","templated":true}]}}