{"id":2363,"date":"2026-03-02T09:28:17","date_gmt":"2026-03-02T02:28:17","guid":{"rendered":"https:\/\/bfactoryvn.com\/?post_type=product&#038;p=2363"},"modified":"2026-04-08T10:01:18","modified_gmt":"2026-04-08T03:01:18","slug":"thung-dung-do-cop-sau-cho-xe-vinfast-vf6-cua-b-factory","status":"publish","type":"product","link":"https:\/\/bfactoryvn.com\/khac\/thung-dung-do-cop-sau-cho-xe-vinfast-vf6-cua-b-factory\/","title":{"rendered":"Th\u00f9ng \u0111\u1ef1ng \u0111\u1ed3 c\u1ed1p sau cho xe Vinfast VF6 c\u1ee7a B-Factory"},"content":{"rendered":"<p><b>Th\u00f9ng \u0111\u1ef1ng \u0111\u1ed3 c\u1ed1p sau VF 6 &#8211; \u0110\u1ed3 ng\u0103n n\u1eafp, c\u1ed1p g\u1ecdn g\u00e0ng!<\/b><span style=\"font-weight: 400;\"><br \/>\n<\/span><span style=\"font-weight: 400;\">V\u1edbi ch\u1ea5t li\u1ec7u nh\u1ef1a PP c\u1ee9ng c\u00e1p, v\u00e1ch ng\u0103n linh \u0111\u1ed9ng c\u00f3 th\u1ec3 th\u00e1o r\u1eddi, gi\u00fap b\u1ea1n d\u1ec5 d\u00e0ng s\u1eafp x\u1ebfp \u0111\u1ed3 v\u1eadt c\u00e1 nh\u00e2n, d\u1ee5ng c\u1ee5 s\u1eeda ch\u1eefa,&#8230;Th\u00eam n\u1eefa, n\u1eafp \u0111\u1eady b\u1eb1ng g\u1ed7 b\u1ecdc n\u1ec9 k\u00e8m ch\u1ed1t kh\u00f3a gi\u00fap n\u1eafp \u0111\u1eady ch\u1eafc ch\u1eafn h\u01a1n, kh\u00f4ng s\u1ee3 \u0111\u1ed3 v\u1eadt v\u0103ng lung tung di chuy\u1ec3n.<\/span><\/p>\n","protected":false},"excerpt":{"rendered":"<p><span style=\"font-weight: 400;\">V\u1edbi ch\u1ea5t li\u1ec7u nh\u1ef1a PP c\u1ee9ng c\u00e1p, v\u00e1ch ng\u0103n linh \u0111\u1ed9ng c\u00f3 th\u1ec3 th\u00e1o r\u1eddi, gi\u00fap b\u1ea1n d\u1ec5 d\u00e0ng s\u1eafp x\u1ebfp \u0111\u1ed3 v\u1eadt c\u00e1 nh\u00e2n, d\u1ee5ng c\u1ee5 s\u1eeda ch\u1eefa,&#8230;Th\u00eam n\u1eefa, n\u1eafp \u0111\u1eady b\u1eb1ng g\u1ed7 b\u1ecdc n\u1ec9 k\u00e8m ch\u1ed1t kh\u00f3a gi\u00fap n\u1eafp \u0111\u1eady ch\u1eafc ch\u1eafn h\u01a1n, kh\u00f4ng s\u1ee3 \u0111\u1ed3 v\u1eadt v\u0103ng lung tung di chuy\u1ec3n.<\/span><\/p>\n","protected":false},"featured_media":2133,"comment_status":"closed","ping_status":"closed","template":"","meta":{"_acf_changed":false},"product_brand":[65],"product_cat":[43,23],"product_tag":[],"class_list":{"0":"post-2363","1":"product","2":"type-product","3":"status-publish","4":"has-post-thumbnail","6":"product_brand-vinfast","7":"product_cat-danh-muc-san-pham","8":"product_cat-uncategorized-vi","9":"pa_theo-dong-xe-dong-xe-vinfast-vf6","11":"first","12":"instock","13":"shipping-taxable","14":"purchasable","15":"product-type-simple"},"acf":[],"_links":{"self":[{"href":"https:\/\/bfactoryvn.com\/en\/wp-json\/wp\/v2\/product\/2363","targetHints":{"allow":["GET"]}}],"collection":[{"href":"https:\/\/bfactoryvn.com\/en\/wp-json\/wp\/v2\/product"}],"about":[{"href":"https:\/\/bfactoryvn.com\/en\/wp-json\/wp\/v2\/types\/product"}],"replies":[{"embeddable":true,"href":"https:\/\/bfactoryvn.com\/en\/wp-json\/wp\/v2\/comments?post=2363"}],"wp:featuredmedia":[{"embeddable":true,"href":"https:\/\/bfactoryvn.com\/en\/wp-json\/wp\/v2\/media\/2133"}],"wp:attachment":[{"href":"https:\/\/bfactoryvn.com\/en\/wp-json\/wp\/v2\/media?parent=2363"}],"wp:term":[{"taxonomy":"product_brand","embeddable":true,"href":"https:\/\/bfactoryvn.com\/en\/wp-json\/wp\/v2\/product_brand?post=2363"},{"taxonomy":"product_cat","embeddable":true,"href":"https:\/\/bfactoryvn.com\/en\/wp-json\/wp\/v2\/product_cat?post=2363"},{"taxonomy":"product_tag","embeddable":true,"href":"https:\/\/bfactoryvn.com\/en\/wp-json\/wp\/v2\/product_tag?post=2363"}],"curies":[{"name":"wp","href":"https:\/\/api.w.org\/{rel}","templated":true}]}}