{"id":2091,"date":"2025-11-25T14:40:51","date_gmt":"2025-11-25T07:40:51","guid":{"rendered":"https:\/\/bfactoryvn.com\/?post_type=product&#038;p=2091"},"modified":"2026-02-04T08:59:45","modified_gmt":"2026-02-04T01:59:45","slug":"khay-tien-ich-sau-man-hinh-xe-vinfast-vf3","status":"publish","type":"product","link":"https:\/\/bfactoryvn.com\/danh-muc-san-pham\/khay-tien-ich-sau-man-hinh-cho-xe-vinfast-vf3-cua-b-factory\/","title":{"rendered":"Khay ti\u1ec7n \u00edch sau m\u00e0n h\u00ecnh cho xe Vinfast VF3 c\u1ee7a B-Factory"},"content":{"rendered":"<p><span style=\"font-weight: 400;\">Khay \u0111\u1ef1ng \u0111\u1ed3 \u0111a n\u0103ng VF 3 B-Factory \u0111\u01b0\u1ee3c l\u00e0m nh\u1ef1a ABS cao c\u1ea5p, s\u1ea3n ph\u1ea9m gi\u00fap t\u1ed1i \u01b0u kh\u00f4ng gian l\u01b0u tr\u1eef, d\u1ec5 d\u00e0ng s\u1eafp x\u1ebfp g\u1ecdn g\u00e0ng c\u00e1c v\u1eadt d\u1ee5ng c\u00e1 nh\u00e2n, mang l\u1ea1i s\u1ef1 ti\u1ec7n nghi cho khoang l\u00e1i. L\u1eafp \u0111\u1eb7t v\u00f4 c\u00f9ng \u0111\u01a1n gi\u1ea3n v\u1edbi b\u0103ng keo 3M chuy\u00ean d\u1ee5ng, \u0111\u1ea3m b\u1ea3o s\u1ef1 \u1ed5n \u0111\u1ecbnh trong su\u1ed1t qu\u00e1 tr\u00ecnh s\u1eed d\u1ee5ng.<\/span><\/p>\n","protected":false},"excerpt":{"rendered":"<p><b>T\u1eadn d\u1ee5ng kh\u00f4ng gian, \u0111\u1ec3 \u0111\u1ed3 ti\u1ec7n l\u1ee3i, <span style=\"font-weight: 400;\">Khay \u0111\u1ef1ng \u0111\u1ed3 \u0111a n\u0103ng VF 3 B-Factory \u0111\u01b0\u1ee3c l\u00e0m nh\u1ef1a ABS cao c\u1ea5p, s\u1ea3n ph\u1ea9m gi\u00fap t\u1ed1i \u01b0u kh\u00f4ng gian l\u01b0u tr\u1eef, d\u1ec5 d\u00e0ng s\u1eafp x\u1ebfp g\u1ecdn g\u00e0ng c\u00e1c v\u1eadt d\u1ee5ng c\u00e1 nh\u00e2n, mang l\u1ea1i s\u1ef1 ti\u1ec7n nghi cho khoang l\u00e1i. L\u1eafp \u0111\u1eb7t v\u00f4 c\u00f9ng \u0111\u01a1n gi\u1ea3n v\u1edbi b\u0103ng keo 3M chuy\u00ean d\u1ee5ng, \u0111\u1ea3m b\u1ea3o s\u1ef1 \u1ed5n \u0111\u1ecbnh trong su\u1ed1t qu\u00e1 tr\u00ecnh s\u1eed d\u1ee5ng.<\/span><\/b><\/p>\n","protected":false},"featured_media":2092,"comment_status":"open","ping_status":"closed","template":"","meta":{"_acf_changed":false},"product_brand":[65],"product_cat":[43,72],"product_tag":[],"class_list":{"0":"post-2091","1":"product","2":"type-product","3":"status-publish","4":"has-post-thumbnail","6":"product_brand-vinfast","7":"product_cat-danh-muc-san-pham","8":"product_cat-de-chan-bun","9":"pa_theo-dong-xe-dong-xe-vinfast-vf3","11":"first","12":"instock","13":"shipping-taxable","14":"purchasable","15":"product-type-simple"},"acf":[],"_links":{"self":[{"href":"https:\/\/bfactoryvn.com\/en\/wp-json\/wp\/v2\/product\/2091","targetHints":{"allow":["GET"]}}],"collection":[{"href":"https:\/\/bfactoryvn.com\/en\/wp-json\/wp\/v2\/product"}],"about":[{"href":"https:\/\/bfactoryvn.com\/en\/wp-json\/wp\/v2\/types\/product"}],"replies":[{"embeddable":true,"href":"https:\/\/bfactoryvn.com\/en\/wp-json\/wp\/v2\/comments?post=2091"}],"wp:featuredmedia":[{"embeddable":true,"href":"https:\/\/bfactoryvn.com\/en\/wp-json\/wp\/v2\/media\/2092"}],"wp:attachment":[{"href":"https:\/\/bfactoryvn.com\/en\/wp-json\/wp\/v2\/media?parent=2091"}],"wp:term":[{"taxonomy":"product_brand","embeddable":true,"href":"https:\/\/bfactoryvn.com\/en\/wp-json\/wp\/v2\/product_brand?post=2091"},{"taxonomy":"product_cat","embeddable":true,"href":"https:\/\/bfactoryvn.com\/en\/wp-json\/wp\/v2\/product_cat?post=2091"},{"taxonomy":"product_tag","embeddable":true,"href":"https:\/\/bfactoryvn.com\/en\/wp-json\/wp\/v2\/product_tag?post=2091"}],"curies":[{"name":"wp","href":"https:\/\/api.w.org\/{rel}","templated":true}]}}