{"id":1997,"date":"2025-11-13T09:57:18","date_gmt":"2025-11-13T02:57:18","guid":{"rendered":"https:\/\/bfactoryvn.com\/?post_type=product&#038;p=1997"},"modified":"2026-02-04T09:00:18","modified_gmt":"2026-02-04T02:00:18","slug":"ke-de-ly-da-nang-xe-vinfast-vf5","status":"publish","type":"product","link":"https:\/\/bfactoryvn.com\/danh-muc-san-pham\/ke-de-ly-da-nang-vinfast-vf5-cua-b-factory\/","title":{"rendered":"K\u1ec7 \u0111\u1ec3 ly \u0111a n\u0103ng Vinfast VF5 c\u1ee7a B-Factory"},"content":{"rendered":"<p><span style=\"font-weight: 400;\">K\u1ec7 \u0111\u1ec3 ly \u0111a n\u0103ng VF 5 B-Factory \u0111\u01b0\u1ee3c l\u00e0m b\u1eb1ng nh\u1ef1a ABS b\u1ec1n b\u1ec9, ch\u1eafc ch\u1eafn. L\u1eafp \u0111\u1eb7t \u0111\u01a1n gi\u1ea3n v\u1edbi keo 3M chuy\u00ean d\u1ee5ng \u0111\u01b0\u1ee3c trang b\u1ecb s\u1eb5n, <\/span><span style=\"font-weight: 400;\">t\u1eadn d\u1ee5ng kho\u1ea3ng tr\u1ed1ng v\u1ecb tr\u00ed g\u1ea7n c\u1ea7n s\u1ed1 c\u1ee7a VF 5 \u0111\u1ec3 gia t\u0103ng di\u1ec7n t\u00edch \u0111\u1ec3 \u0111\u1ed3. <\/span><\/p>\n","protected":false},"excerpt":{"rendered":"<p><b>T\u1eadn d\u1ee5ng kho\u1ea3ng tr\u1ed1ng, t\u1ed1i \u0111a kh\u00f4ng gian xe, <span style=\"font-weight: 400;\">K\u1ec7 \u0111\u1ec3 ly \u0111a n\u0103ng VF 5 B-Factory \u0111\u01b0\u1ee3c l\u00e0m b\u1eb1ng nh\u1ef1a ABS b\u1ec1n b\u1ec9, ch\u1eafc ch\u1eafn. L\u1eafp \u0111\u1eb7t \u0111\u01a1n gi\u1ea3n v\u1edbi keo 3M chuy\u00ean d\u1ee5ng \u0111\u01b0\u1ee3c trang b\u1ecb s\u1eb5n, <\/span><span style=\"font-weight: 400;\">t\u1eadn d\u1ee5ng kho\u1ea3ng tr\u1ed1ng v\u1ecb tr\u00ed g\u1ea7n c\u1ea7n s\u1ed1 c\u1ee7a VF 5 \u0111\u1ec3 gia t\u0103ng di\u1ec7n t\u00edch \u0111\u1ec3 \u0111\u1ed3. <\/span><\/b><\/p>\n","protected":false},"featured_media":2018,"comment_status":"open","ping_status":"closed","template":"","meta":{"_acf_changed":false},"product_brand":[65],"product_cat":[43],"product_tag":[],"class_list":{"0":"post-1997","1":"product","2":"type-product","3":"status-publish","4":"has-post-thumbnail","6":"product_brand-vinfast","7":"product_cat-danh-muc-san-pham","8":"pa_theo-dong-xe-dong-xe-vinfast-vf5","10":"first","11":"instock","12":"shipping-taxable","13":"purchasable","14":"product-type-simple"},"acf":[],"_links":{"self":[{"href":"https:\/\/bfactoryvn.com\/en\/wp-json\/wp\/v2\/product\/1997","targetHints":{"allow":["GET"]}}],"collection":[{"href":"https:\/\/bfactoryvn.com\/en\/wp-json\/wp\/v2\/product"}],"about":[{"href":"https:\/\/bfactoryvn.com\/en\/wp-json\/wp\/v2\/types\/product"}],"replies":[{"embeddable":true,"href":"https:\/\/bfactoryvn.com\/en\/wp-json\/wp\/v2\/comments?post=1997"}],"wp:featuredmedia":[{"embeddable":true,"href":"https:\/\/bfactoryvn.com\/en\/wp-json\/wp\/v2\/media\/2018"}],"wp:attachment":[{"href":"https:\/\/bfactoryvn.com\/en\/wp-json\/wp\/v2\/media?parent=1997"}],"wp:term":[{"taxonomy":"product_brand","embeddable":true,"href":"https:\/\/bfactoryvn.com\/en\/wp-json\/wp\/v2\/product_brand?post=1997"},{"taxonomy":"product_cat","embeddable":true,"href":"https:\/\/bfactoryvn.com\/en\/wp-json\/wp\/v2\/product_cat?post=1997"},{"taxonomy":"product_tag","embeddable":true,"href":"https:\/\/bfactoryvn.com\/en\/wp-json\/wp\/v2\/product_tag?post=1997"}],"curies":[{"name":"wp","href":"https:\/\/api.w.org\/{rel}","templated":true}]}}