{"id":1417,"date":"2025-07-24T14:50:32","date_gmt":"2025-07-24T07:50:32","guid":{"rendered":"https:\/\/bfactoryvn.com\/?post_type=product&#038;p=1417"},"modified":"2026-02-04T09:00:59","modified_gmt":"2026-02-04T02:00:59","slug":"de-chan-bun-xe-vf6-cua-b-factory","status":"publish","type":"product","link":"https:\/\/bfactoryvn.com\/danh-muc-san-pham\/de-chan-bun-xe-vinfast-vf6-cua-b-factory\/","title":{"rendered":"D\u00e8 ch\u1eafn b\u00f9n xe Vinfast VF6 c\u1ee7a B-Factory"},"content":{"rendered":"<p>S\u1ea3n ph\u1ea9m t\u1ea5m ch\u1eafn b\u00f9n VF6 b\u1eb1ng nh\u1ef1a PP, \u0111\u00fac khu\u00f4n chuy\u00ean d\u1ee5ng nguy\u00ean kh\u1ed1i gi\u00fap h\u1ea1n ch\u1ebf b\u00f9n \u0111\u1ea5t b\u00e1m, b\u1eafn v\u00e0 ch\u1ea3y v\u00e0o b\u1ec7 c\u1eeda, gi\u00fap c\u1eeda xe lu\u00f4n s\u1ea1ch s\u1ebd.<\/p>\n","protected":false},"excerpt":{"rendered":"<p>H\u1ebft b\u00f9n v\u0103ng, c\u1eeda lu\u00f4n s\u00e1ng, xe lu\u00f4n sang<\/p>\n","protected":false},"featured_media":1455,"comment_status":"open","ping_status":"closed","template":"","meta":{"_acf_changed":false},"product_brand":[65],"product_cat":[43,72],"product_tag":[],"class_list":{"0":"post-1417","1":"product","2":"type-product","3":"status-publish","4":"has-post-thumbnail","6":"product_brand-vinfast","7":"product_cat-danh-muc-san-pham","8":"product_cat-de-chan-bun","9":"pa_theo-dong-xe-dong-xe-vinfast-vf6","11":"first","12":"instock","13":"shipping-taxable","14":"purchasable","15":"product-type-simple"},"acf":[],"_links":{"self":[{"href":"https:\/\/bfactoryvn.com\/en\/wp-json\/wp\/v2\/product\/1417","targetHints":{"allow":["GET"]}}],"collection":[{"href":"https:\/\/bfactoryvn.com\/en\/wp-json\/wp\/v2\/product"}],"about":[{"href":"https:\/\/bfactoryvn.com\/en\/wp-json\/wp\/v2\/types\/product"}],"replies":[{"embeddable":true,"href":"https:\/\/bfactoryvn.com\/en\/wp-json\/wp\/v2\/comments?post=1417"}],"wp:featuredmedia":[{"embeddable":true,"href":"https:\/\/bfactoryvn.com\/en\/wp-json\/wp\/v2\/media\/1455"}],"wp:attachment":[{"href":"https:\/\/bfactoryvn.com\/en\/wp-json\/wp\/v2\/media?parent=1417"}],"wp:term":[{"taxonomy":"product_brand","embeddable":true,"href":"https:\/\/bfactoryvn.com\/en\/wp-json\/wp\/v2\/product_brand?post=1417"},{"taxonomy":"product_cat","embeddable":true,"href":"https:\/\/bfactoryvn.com\/en\/wp-json\/wp\/v2\/product_cat?post=1417"},{"taxonomy":"product_tag","embeddable":true,"href":"https:\/\/bfactoryvn.com\/en\/wp-json\/wp\/v2\/product_tag?post=1417"}],"curies":[{"name":"wp","href":"https:\/\/api.w.org\/{rel}","templated":true}]}}